{"id":37,"date":"2020-03-16T15:37:23","date_gmt":"2020-03-16T14:37:23","guid":{"rendered":"http:\/\/www.johansouply.com\/?page_id=37"},"modified":"2022-01-23T16:15:40","modified_gmt":"2022-01-23T15:15:40","slug":"realisations","status":"publish","type":"page","link":"https:\/\/www.johansouply.com\/?page_id=37","title":{"rendered":"r\u00e9alisations"},"content":{"rendered":"\t\t<div data-elementor-type=\"wp-page\" data-elementor-id=\"37\" class=\"elementor elementor-37\">\n\t\t\t\t\t\t<section class=\"elementor-section elementor-top-section elementor-element elementor-element-e61f38e elementor-section-full_width elementor-section-content-middle elementor-section-height-default elementor-section-height-default\" data-id=\"e61f38e\" data-element_type=\"section\" data-e-type=\"section\">\n\t\t\t\t\t\t<div class=\"elementor-container elementor-column-gap-default\">\n\t\t\t\t\t<div class=\"elementor-column elementor-col-33 elementor-top-column elementor-element elementor-element-d041398\" data-id=\"d041398\" data-element_type=\"column\" data-e-type=\"column\">\n\t\t\t<div class=\"elementor-widget-wrap elementor-element-populated\">\n\t\t\t\t\t\t<div class=\"elementor-element elementor-element-65519ca elementor-align-center elementor-widget elementor-widget-button\" data-id=\"65519ca\" data-element_type=\"widget\" data-e-type=\"widget\" data-widget_type=\"button.default\">\n\t\t\t\t<div class=\"elementor-widget-container\">\n\t\t\t\t\t\t\t\t\t<div class=\"elementor-button-wrapper\">\n\t\t\t\t\t<a class=\"elementor-button elementor-size-md\" role=\"button\">\n\t\t\t\t\t\t<span class=\"elementor-button-content-wrapper\">\n\t\t\t\t\t\t\t\t\t<span class=\"elementor-button-text\">r\u00e9alisations<\/span>\n\t\t\t\t\t<\/span>\n\t\t\t\t\t<\/a>\n\t\t\t\t<\/div>\n\t\t\t\t\t\t\t\t<\/div>\n\t\t\t\t<\/div>\n\t\t\t\t\t<\/div>\n\t\t<\/div>\n\t\t\t\t<div class=\"elementor-column elementor-col-33 elementor-top-column elementor-element elementor-element-b47c860\" data-id=\"b47c860\" data-element_type=\"column\" data-e-type=\"column\">\n\t\t\t<div class=\"elementor-widget-wrap elementor-element-populated\">\n\t\t\t\t\t\t<div class=\"elementor-element elementor-element-e5e45a6 elementor-align-center elementor-widget elementor-widget-button\" data-id=\"e5e45a6\" data-element_type=\"widget\" data-e-type=\"widget\" data-widget_type=\"button.default\">\n\t\t\t\t<div class=\"elementor-widget-container\">\n\t\t\t\t\t\t\t\t\t<div class=\"elementor-button-wrapper\">\n\t\t\t\t\t<a class=\"elementor-button elementor-button-link elementor-size-md\" href=\"https:\/\/www.johansouply.com\/?page_id=52\">\n\t\t\t\t\t\t<span class=\"elementor-button-content-wrapper\">\n\t\t\t\t\t\t\t\t\t<span class=\"elementor-button-text\">pr\u00e9sentation<\/span>\n\t\t\t\t\t<\/span>\n\t\t\t\t\t<\/a>\n\t\t\t\t<\/div>\n\t\t\t\t\t\t\t\t<\/div>\n\t\t\t\t<\/div>\n\t\t\t\t\t<\/div>\n\t\t<\/div>\n\t\t\t\t<div class=\"elementor-column elementor-col-33 elementor-top-column elementor-element elementor-element-967b098\" data-id=\"967b098\" data-element_type=\"column\" data-e-type=\"column\">\n\t\t\t<div class=\"elementor-widget-wrap elementor-element-populated\">\n\t\t\t\t\t\t<div class=\"elementor-element elementor-element-d12f1d4 elementor-align-center elementor-widget elementor-widget-button\" data-id=\"d12f1d4\" data-element_type=\"widget\" data-e-type=\"widget\" data-widget_type=\"button.default\">\n\t\t\t\t<div class=\"elementor-widget-container\">\n\t\t\t\t\t\t\t\t\t<div class=\"elementor-button-wrapper\">\n\t\t\t\t\t<a class=\"elementor-button elementor-button-link elementor-size-md\" href=\"https:\/\/www.johansouply.com\/?page_id=25\">\n\t\t\t\t\t\t<span class=\"elementor-button-content-wrapper\">\n\t\t\t\t\t\t\t\t\t<span class=\"elementor-button-text\">contact<\/span>\n\t\t\t\t\t<\/span>\n\t\t\t\t\t<\/a>\n\t\t\t\t<\/div>\n\t\t\t\t\t\t\t\t<\/div>\n\t\t\t\t<\/div>\n\t\t\t\t\t<\/div>\n\t\t<\/div>\n\t\t\t\t\t<\/div>\n\t\t<\/section>\n\t\t\t\t<section class=\"elementor-section elementor-top-section elementor-element elementor-element-930d318 elementor-section-boxed elementor-section-height-default elementor-section-height-default\" data-id=\"930d318\" data-element_type=\"section\" data-e-type=\"section\" data-settings=\"{&quot;background_background&quot;:&quot;gradient&quot;}\">\n\t\t\t\t\t\t<div class=\"elementor-container elementor-column-gap-default\">\n\t\t\t\t\t<div class=\"elementor-column elementor-col-100 elementor-top-column elementor-element elementor-element-c933d1f\" data-id=\"c933d1f\" data-element_type=\"column\" data-e-type=\"column\">\n\t\t\t<div class=\"elementor-widget-wrap elementor-element-populated\">\n\t\t\t\t\t\t<div class=\"elementor-element elementor-element-1ed6ec8 elementor-widget elementor-widget-heading\" data-id=\"1ed6ec8\" data-element_type=\"widget\" data-e-type=\"widget\" data-widget_type=\"heading.default\">\n\t\t\t\t<div class=\"elementor-widget-container\">\n\t\t\t\t\t<h2 class=\"elementor-heading-title elementor-size-default\">films produits et r\u00e9alis\u00e9s par johan souply<\/h2>\t\t\t\t<\/div>\n\t\t\t\t<\/div>\n\t\t\t\t<section class=\"elementor-section elementor-inner-section elementor-element elementor-element-62c6f0e elementor-section-boxed elementor-section-height-default elementor-section-height-default\" data-id=\"62c6f0e\" data-element_type=\"section\" data-e-type=\"section\">\n\t\t\t\t\t\t<div class=\"elementor-container elementor-column-gap-default\">\n\t\t\t\t\t<div class=\"elementor-column elementor-col-50 elementor-inner-column elementor-element elementor-element-c8b4059\" data-id=\"c8b4059\" data-element_type=\"column\" data-e-type=\"column\">\n\t\t\t<div class=\"elementor-widget-wrap elementor-element-populated\">\n\t\t\t\t\t\t<div class=\"elementor-element elementor-element-faddd64 elementor-widget elementor-widget-e_image_hover_effects\" data-id=\"faddd64\" data-element_type=\"widget\" data-e-type=\"widget\" data-widget_type=\"e_image_hover_effects.default\">\n\t\t\t\t<div class=\"elementor-widget-container\">\n\t\t\t\t\t\t\t\t<a href=\"https:\/\/www.johansouply.com\/?page_id=192\">\n\t\t\t\t\t<div class=\"eihe-box eihe-fade-in-up eihe_flex-start\">\n\t\t\t\t<img fetchpriority=\"high\" decoding=\"async\" width=\"1920\" height=\"812\" src=\"https:\/\/www.johansouply.com\/wp-content\/uploads\/2020\/08\/comdig_00000.jpg\" class=\"attachment-full size-full wp-image-183\" alt=\"\" srcset=\"https:\/\/www.johansouply.com\/wp-content\/uploads\/2020\/08\/comdig_00000.jpg 1920w, https:\/\/www.johansouply.com\/wp-content\/uploads\/2020\/08\/comdig_00000-300x127.jpg 300w, https:\/\/www.johansouply.com\/wp-content\/uploads\/2020\/08\/comdig_00000-1024x433.jpg 1024w, https:\/\/www.johansouply.com\/wp-content\/uploads\/2020\/08\/comdig_00000-768x325.jpg 768w, https:\/\/www.johansouply.com\/wp-content\/uploads\/2020\/08\/comdig_00000-1536x650.jpg 1536w\" sizes=\"(max-width: 1920px) 100vw, 1920px\" \/>\t\t\t\t<div class=\"eihe-caption\">\n\t\t\t\t\t<div class=\"eihe-title-cover\">\n\t\t\t\t\t\t\t\t\t\t\t\t<h1 class=\"eihe-title\">Communication digitale<\/h1>\n\t\t\t\t\t\t\t\t\t\t\t<\/div>\n\t\t\t\t\t<p>\"Gamotel\"<\/p>\n\t\t\t\t<\/div>\n\t\t\t<\/div>\n\t\t\t\t\t<\/a>\n\t\t\t\t\t\t<\/div>\n\t\t\t\t<\/div>\n\t\t\t\t\t<\/div>\n\t\t<\/div>\n\t\t\t\t<div class=\"elementor-column elementor-col-50 elementor-inner-column elementor-element elementor-element-507ce1f\" data-id=\"507ce1f\" data-element_type=\"column\" data-e-type=\"column\">\n\t\t\t<div class=\"elementor-widget-wrap elementor-element-populated\">\n\t\t\t\t\t\t<div class=\"elementor-element elementor-element-c6de8e7 elementor-widget elementor-widget-e_image_hover_effects\" data-id=\"c6de8e7\" data-element_type=\"widget\" data-e-type=\"widget\" data-widget_type=\"e_image_hover_effects.default\">\n\t\t\t\t<div class=\"elementor-widget-container\">\n\t\t\t\t\t\t\t\t<a href=\"https:\/\/www.johansouply.com\/?page_id=187\">\n\t\t\t\t\t<div class=\"eihe-box eihe-fade-in-up eihe_flex-start\">\n\t\t\t\t<img decoding=\"async\" width=\"1920\" height=\"812\" src=\"https:\/\/www.johansouply.com\/wp-content\/uploads\/2022\/01\/chateau_00000.jpg\" class=\"attachment-full size-full wp-image-295\" alt=\"\" srcset=\"https:\/\/www.johansouply.com\/wp-content\/uploads\/2022\/01\/chateau_00000.jpg 1920w, https:\/\/www.johansouply.com\/wp-content\/uploads\/2022\/01\/chateau_00000-300x127.jpg 300w, https:\/\/www.johansouply.com\/wp-content\/uploads\/2022\/01\/chateau_00000-1024x433.jpg 1024w, https:\/\/www.johansouply.com\/wp-content\/uploads\/2022\/01\/chateau_00000-768x325.jpg 768w, https:\/\/www.johansouply.com\/wp-content\/uploads\/2022\/01\/chateau_00000-1536x650.jpg 1536w\" sizes=\"(max-width: 1920px) 100vw, 1920px\" \/>\t\t\t\t<div class=\"eihe-caption\">\n\t\t\t\t\t<div class=\"eihe-title-cover\">\n\t\t\t\t\t\t\t\t\t\t\t\t<h1 class=\"eihe-title\">Vid\u00e9o Mapping<\/h1>\n\t\t\t\t\t\t\t\t\t\t\t<\/div>\n\t\t\t\t\t<p>\"Le Ch\u00e2teau de Belloy\"<\/p>\n\t\t\t\t<\/div>\n\t\t\t<\/div>\n\t\t\t\t\t<\/a>\n\t\t\t\t\t\t<\/div>\n\t\t\t\t<\/div>\n\t\t\t\t\t<\/div>\n\t\t<\/div>\n\t\t\t\t\t<\/div>\n\t\t<\/section>\n\t\t\t\t<section class=\"elementor-section elementor-inner-section elementor-element elementor-element-8a45c68 elementor-section-boxed elementor-section-height-default elementor-section-height-default\" data-id=\"8a45c68\" data-element_type=\"section\" data-e-type=\"section\">\n\t\t\t\t\t\t<div class=\"elementor-container elementor-column-gap-default\">\n\t\t\t\t\t<div class=\"elementor-column elementor-col-50 elementor-inner-column elementor-element elementor-element-0fef291\" data-id=\"0fef291\" data-element_type=\"column\" data-e-type=\"column\">\n\t\t\t<div class=\"elementor-widget-wrap elementor-element-populated\">\n\t\t\t\t\t\t<div class=\"elementor-element elementor-element-8d1ed21 elementor-widget elementor-widget-e_image_hover_effects\" data-id=\"8d1ed21\" data-element_type=\"widget\" data-e-type=\"widget\" data-widget_type=\"e_image_hover_effects.default\">\n\t\t\t\t<div class=\"elementor-widget-container\">\n\t\t\t\t\t\t\t\t<a href=\"https:\/\/www.johansouply.com\/?page_id=105\">\n\t\t\t\t\t<div class=\"eihe-box eihe-fade-in-up eihe_flex-start\">\n\t\t\t\t<img decoding=\"async\" width=\"1920\" height=\"812\" src=\"https:\/\/www.johansouply.com\/wp-content\/uploads\/2020\/03\/vignette-vid\u00e9o_00001.jpg\" class=\"attachment-full size-full wp-image-39\" alt=\"\" srcset=\"https:\/\/www.johansouply.com\/wp-content\/uploads\/2020\/03\/vignette-vid\u00e9o_00001.jpg 1920w, https:\/\/www.johansouply.com\/wp-content\/uploads\/2020\/03\/vignette-vid\u00e9o_00001-300x127.jpg 300w, https:\/\/www.johansouply.com\/wp-content\/uploads\/2020\/03\/vignette-vid\u00e9o_00001-1024x433.jpg 1024w, https:\/\/www.johansouply.com\/wp-content\/uploads\/2020\/03\/vignette-vid\u00e9o_00001-768x325.jpg 768w, https:\/\/www.johansouply.com\/wp-content\/uploads\/2020\/03\/vignette-vid\u00e9o_00001-1536x650.jpg 1536w\" sizes=\"(max-width: 1920px) 100vw, 1920px\" \/>\t\t\t\t<div class=\"eihe-caption\">\n\t\t\t\t\t<div class=\"eihe-title-cover\">\n\t\t\t\t\t\t\t\t\t\t\t\t<h1 class=\"eihe-title\">film publicitaire<\/h1>\n\t\t\t\t\t\t\t\t\t\t\t<\/div>\n\t\t\t\t\t<p>\"gold is back - big thunder mountain\"<\/p>\n\t\t\t\t<\/div>\n\t\t\t<\/div>\n\t\t\t\t\t<\/a>\n\t\t\t\t\t\t<\/div>\n\t\t\t\t<\/div>\n\t\t\t\t\t<\/div>\n\t\t<\/div>\n\t\t\t\t<div class=\"elementor-column elementor-col-50 elementor-inner-column elementor-element elementor-element-7e2f6bf\" data-id=\"7e2f6bf\" data-element_type=\"column\" data-e-type=\"column\">\n\t\t\t<div class=\"elementor-widget-wrap elementor-element-populated\">\n\t\t\t\t\t\t<div class=\"elementor-element elementor-element-f118180 elementor-widget elementor-widget-e_image_hover_effects\" data-id=\"f118180\" data-element_type=\"widget\" data-e-type=\"widget\" data-widget_type=\"e_image_hover_effects.default\">\n\t\t\t\t<div class=\"elementor-widget-container\">\n\t\t\t\t\t\t\t\t<a href=\"https:\/\/www.johansouply.com\/?page_id=113\">\n\t\t\t\t\t<div class=\"eihe-box eihe-fade-in-up eihe_flex-start\">\n\t\t\t\t<img loading=\"lazy\" decoding=\"async\" width=\"1920\" height=\"812\" src=\"https:\/\/www.johansouply.com\/wp-content\/uploads\/2020\/03\/vignette-vid\u00e9o_00000.jpg\" class=\"attachment-full size-full wp-image-44\" alt=\"\" srcset=\"https:\/\/www.johansouply.com\/wp-content\/uploads\/2020\/03\/vignette-vid\u00e9o_00000.jpg 1920w, https:\/\/www.johansouply.com\/wp-content\/uploads\/2020\/03\/vignette-vid\u00e9o_00000-300x127.jpg 300w, https:\/\/www.johansouply.com\/wp-content\/uploads\/2020\/03\/vignette-vid\u00e9o_00000-1024x433.jpg 1024w, https:\/\/www.johansouply.com\/wp-content\/uploads\/2020\/03\/vignette-vid\u00e9o_00000-768x325.jpg 768w, https:\/\/www.johansouply.com\/wp-content\/uploads\/2020\/03\/vignette-vid\u00e9o_00000-1536x650.jpg 1536w\" sizes=\"(max-width: 1920px) 100vw, 1920px\" \/>\t\t\t\t<div class=\"eihe-caption\">\n\t\t\t\t\t<div class=\"eihe-title-cover\">\n\t\t\t\t\t\t\t\t\t\t\t\t<h1 class=\"eihe-title\">film publicitaire<\/h1>\n\t\t\t\t\t\t\t\t\t\t\t<\/div>\n\t\t\t\t\t<p>\"Jules Verne - Space Mountain\"<\/p>\n\t\t\t\t<\/div>\n\t\t\t<\/div>\n\t\t\t\t\t<\/a>\n\t\t\t\t\t\t<\/div>\n\t\t\t\t<\/div>\n\t\t\t\t\t<\/div>\n\t\t<\/div>\n\t\t\t\t\t<\/div>\n\t\t<\/section>\n\t\t\t\t<section class=\"elementor-section elementor-inner-section elementor-element elementor-element-5411380 elementor-section-boxed elementor-section-height-default elementor-section-height-default\" data-id=\"5411380\" data-element_type=\"section\" data-e-type=\"section\">\n\t\t\t\t\t\t<div class=\"elementor-container elementor-column-gap-default\">\n\t\t\t\t\t<div class=\"elementor-column elementor-col-50 elementor-inner-column elementor-element elementor-element-1f6427f\" data-id=\"1f6427f\" data-element_type=\"column\" data-e-type=\"column\">\n\t\t\t<div class=\"elementor-widget-wrap elementor-element-populated\">\n\t\t\t\t\t\t<div class=\"elementor-element elementor-element-877a699 elementor-widget elementor-widget-e_image_hover_effects\" data-id=\"877a699\" data-element_type=\"widget\" data-e-type=\"widget\" data-widget_type=\"e_image_hover_effects.default\">\n\t\t\t\t<div class=\"elementor-widget-container\">\n\t\t\t\t\t\t\t\t<a href=\"https:\/\/www.johansouply.com\/?page_id=159\">\n\t\t\t\t\t<div class=\"eihe-box eihe-fade-in-up eihe_flex-start\">\n\t\t\t\t<img loading=\"lazy\" decoding=\"async\" width=\"1920\" height=\"812\" src=\"https:\/\/www.johansouply.com\/wp-content\/uploads\/2020\/03\/vignette-vid\u00e9o_00002.jpg\" class=\"attachment-full size-full wp-image-40\" alt=\"\" srcset=\"https:\/\/www.johansouply.com\/wp-content\/uploads\/2020\/03\/vignette-vid\u00e9o_00002.jpg 1920w, https:\/\/www.johansouply.com\/wp-content\/uploads\/2020\/03\/vignette-vid\u00e9o_00002-300x127.jpg 300w, https:\/\/www.johansouply.com\/wp-content\/uploads\/2020\/03\/vignette-vid\u00e9o_00002-1024x433.jpg 1024w, https:\/\/www.johansouply.com\/wp-content\/uploads\/2020\/03\/vignette-vid\u00e9o_00002-768x325.jpg 768w, https:\/\/www.johansouply.com\/wp-content\/uploads\/2020\/03\/vignette-vid\u00e9o_00002-1536x650.jpg 1536w\" sizes=\"(max-width: 1920px) 100vw, 1920px\" \/>\t\t\t\t<div class=\"eihe-caption\">\n\t\t\t\t\t<div class=\"eihe-title-cover\">\n\t\t\t\t\t\t\t\t\t\t\t\t<h1 class=\"eihe-title\">cr\u00e9ation originale<\/h1>\n\t\t\t\t\t\t\t\t\t\t\t<\/div>\n\t\t\t\t\t<p>\"HOLLYWOOD EXPERIENCE\"<\/p>\n\t\t\t\t<\/div>\n\t\t\t<\/div>\n\t\t\t\t\t<\/a>\n\t\t\t\t\t\t<\/div>\n\t\t\t\t<\/div>\n\t\t\t\t\t<\/div>\n\t\t<\/div>\n\t\t\t\t<div class=\"elementor-column elementor-col-50 elementor-inner-column elementor-element elementor-element-f6913ad\" data-id=\"f6913ad\" data-element_type=\"column\" data-e-type=\"column\">\n\t\t\t<div class=\"elementor-widget-wrap elementor-element-populated\">\n\t\t\t\t\t\t<div class=\"elementor-element elementor-element-1c5ac4d elementor-widget elementor-widget-e_image_hover_effects\" data-id=\"1c5ac4d\" data-element_type=\"widget\" data-e-type=\"widget\" data-widget_type=\"e_image_hover_effects.default\">\n\t\t\t\t<div class=\"elementor-widget-container\">\n\t\t\t\t\t\t\t\t<a href=\"https:\/\/www.johansouply.com\/?page_id=120\">\n\t\t\t\t\t<div class=\"eihe-box eihe-fade-in-up eihe_flex-start\">\n\t\t\t\t<img loading=\"lazy\" decoding=\"async\" width=\"1920\" height=\"812\" src=\"https:\/\/www.johansouply.com\/wp-content\/uploads\/2020\/03\/vignette-vid\u00e9o_00003.jpg\" class=\"attachment-full size-full wp-image-41\" alt=\"\" srcset=\"https:\/\/www.johansouply.com\/wp-content\/uploads\/2020\/03\/vignette-vid\u00e9o_00003.jpg 1920w, https:\/\/www.johansouply.com\/wp-content\/uploads\/2020\/03\/vignette-vid\u00e9o_00003-300x127.jpg 300w, https:\/\/www.johansouply.com\/wp-content\/uploads\/2020\/03\/vignette-vid\u00e9o_00003-1024x433.jpg 1024w, https:\/\/www.johansouply.com\/wp-content\/uploads\/2020\/03\/vignette-vid\u00e9o_00003-768x325.jpg 768w, https:\/\/www.johansouply.com\/wp-content\/uploads\/2020\/03\/vignette-vid\u00e9o_00003-1536x650.jpg 1536w\" sizes=\"(max-width: 1920px) 100vw, 1920px\" \/>\t\t\t\t<div class=\"eihe-caption\">\n\t\t\t\t\t<div class=\"eihe-title-cover\">\n\t\t\t\t\t\t\t\t\t\t\t\t<h1 class=\"eihe-title\">film publicitaire<\/h1>\n\t\t\t\t\t\t\t\t\t\t\t<\/div>\n\t\t\t\t\t<p>\"Ratatouille la nouvelle attraction\"<\/p>\n\t\t\t\t<\/div>\n\t\t\t<\/div>\n\t\t\t\t\t<\/a>\n\t\t\t\t\t\t<\/div>\n\t\t\t\t<\/div>\n\t\t\t\t\t<\/div>\n\t\t<\/div>\n\t\t\t\t\t<\/div>\n\t\t<\/section>\n\t\t\t\t<section class=\"elementor-section elementor-inner-section elementor-element elementor-element-1928f0c elementor-section-boxed elementor-section-height-default elementor-section-height-default\" data-id=\"1928f0c\" data-element_type=\"section\" data-e-type=\"section\">\n\t\t\t\t\t\t<div class=\"elementor-container elementor-column-gap-default\">\n\t\t\t\t\t<div class=\"elementor-column elementor-col-50 elementor-inner-column elementor-element elementor-element-5512565\" data-id=\"5512565\" data-element_type=\"column\" data-e-type=\"column\">\n\t\t\t<div class=\"elementor-widget-wrap elementor-element-populated\">\n\t\t\t\t\t\t<div class=\"elementor-element elementor-element-20337cd elementor-widget elementor-widget-e_image_hover_effects\" data-id=\"20337cd\" data-element_type=\"widget\" data-e-type=\"widget\" data-widget_type=\"e_image_hover_effects.default\">\n\t\t\t\t<div class=\"elementor-widget-container\">\n\t\t\t\t\t\t\t\t<a href=\"https:\/\/www.johansouply.com\/?page_id=124\">\n\t\t\t\t\t<div class=\"eihe-box eihe-fade-in-up eihe_flex-start\">\n\t\t\t\t<img loading=\"lazy\" decoding=\"async\" width=\"1920\" height=\"812\" src=\"https:\/\/www.johansouply.com\/wp-content\/uploads\/2020\/03\/vignette-vid\u00e9o_00004.jpg\" class=\"attachment-full size-full wp-image-42\" alt=\"\" srcset=\"https:\/\/www.johansouply.com\/wp-content\/uploads\/2020\/03\/vignette-vid\u00e9o_00004.jpg 1920w, https:\/\/www.johansouply.com\/wp-content\/uploads\/2020\/03\/vignette-vid\u00e9o_00004-300x127.jpg 300w, https:\/\/www.johansouply.com\/wp-content\/uploads\/2020\/03\/vignette-vid\u00e9o_00004-1024x433.jpg 1024w, https:\/\/www.johansouply.com\/wp-content\/uploads\/2020\/03\/vignette-vid\u00e9o_00004-768x325.jpg 768w, https:\/\/www.johansouply.com\/wp-content\/uploads\/2020\/03\/vignette-vid\u00e9o_00004-1536x650.jpg 1536w\" sizes=\"(max-width: 1920px) 100vw, 1920px\" \/>\t\t\t\t<div class=\"eihe-caption\">\n\t\t\t\t\t<div class=\"eihe-title-cover\">\n\t\t\t\t\t\t\t\t\t\t\t\t<h1 class=\"eihe-title\">cr\u00e9ation originale<\/h1>\n\t\t\t\t\t\t\t\t\t\t\t<\/div>\n\t\t\t\t\t<p>\"le vrai disneyland\"<\/p>\n\t\t\t\t<\/div>\n\t\t\t<\/div>\n\t\t\t\t\t<\/a>\n\t\t\t\t\t\t<\/div>\n\t\t\t\t<\/div>\n\t\t\t\t\t<\/div>\n\t\t<\/div>\n\t\t\t\t<div class=\"elementor-column elementor-col-50 elementor-inner-column elementor-element elementor-element-034442e\" data-id=\"034442e\" data-element_type=\"column\" data-e-type=\"column\">\n\t\t\t<div class=\"elementor-widget-wrap elementor-element-populated\">\n\t\t\t\t\t\t<div class=\"elementor-element elementor-element-668aaa8 elementor-widget elementor-widget-e_image_hover_effects\" data-id=\"668aaa8\" data-element_type=\"widget\" data-e-type=\"widget\" data-widget_type=\"e_image_hover_effects.default\">\n\t\t\t\t<div class=\"elementor-widget-container\">\n\t\t\t\t\t\t\t\t<a href=\"https:\/\/www.johansouply.com\/?page_id=128\">\n\t\t\t\t\t<div class=\"eihe-box eihe-fade-in-up eihe_flex-start\">\n\t\t\t\t<img loading=\"lazy\" decoding=\"async\" width=\"1920\" height=\"812\" src=\"https:\/\/www.johansouply.com\/wp-content\/uploads\/2020\/03\/vignette-vid\u00e9o_00005.jpg\" class=\"attachment-full size-full wp-image-43\" alt=\"\" srcset=\"https:\/\/www.johansouply.com\/wp-content\/uploads\/2020\/03\/vignette-vid\u00e9o_00005.jpg 1920w, https:\/\/www.johansouply.com\/wp-content\/uploads\/2020\/03\/vignette-vid\u00e9o_00005-300x127.jpg 300w, https:\/\/www.johansouply.com\/wp-content\/uploads\/2020\/03\/vignette-vid\u00e9o_00005-1024x433.jpg 1024w, https:\/\/www.johansouply.com\/wp-content\/uploads\/2020\/03\/vignette-vid\u00e9o_00005-768x325.jpg 768w, https:\/\/www.johansouply.com\/wp-content\/uploads\/2020\/03\/vignette-vid\u00e9o_00005-1536x650.jpg 1536w\" sizes=\"(max-width: 1920px) 100vw, 1920px\" \/>\t\t\t\t<div class=\"eihe-caption\">\n\t\t\t\t\t<div class=\"eihe-title-cover\">\n\t\t\t\t\t\t\t\t\t\t\t\t<h1 class=\"eihe-title\">film publicitaire<\/h1>\n\t\t\t\t\t\t\t\t\t\t\t<\/div>\n\t\t\t\t\t<p>\"retro spaceship\"<\/p>\n\t\t\t\t<\/div>\n\t\t\t<\/div>\n\t\t\t\t\t<\/a>\n\t\t\t\t\t\t<\/div>\n\t\t\t\t<\/div>\n\t\t\t\t\t<\/div>\n\t\t<\/div>\n\t\t\t\t\t<\/div>\n\t\t<\/section>\n\t\t\t\t<section class=\"elementor-section elementor-inner-section elementor-element elementor-element-1c7b90a elementor-section-boxed elementor-section-height-default elementor-section-height-default\" data-id=\"1c7b90a\" data-element_type=\"section\" data-e-type=\"section\">\n\t\t\t\t\t\t<div class=\"elementor-container elementor-column-gap-default\">\n\t\t\t\t\t<div class=\"elementor-column elementor-col-50 elementor-inner-column elementor-element elementor-element-504b090\" data-id=\"504b090\" data-element_type=\"column\" data-e-type=\"column\">\n\t\t\t<div class=\"elementor-widget-wrap elementor-element-populated\">\n\t\t\t\t\t\t<div class=\"elementor-element elementor-element-67e47e5 elementor-widget elementor-widget-e_image_hover_effects\" data-id=\"67e47e5\" data-element_type=\"widget\" data-e-type=\"widget\" data-widget_type=\"e_image_hover_effects.default\">\n\t\t\t\t<div class=\"elementor-widget-container\">\n\t\t\t\t\t\t\t\t<a href=\"https:\/\/www.johansouply.com\/?page_id=135\">\n\t\t\t\t\t<div class=\"eihe-box eihe-fade-in-up eihe_flex-start\">\n\t\t\t\t<img loading=\"lazy\" decoding=\"async\" width=\"1920\" height=\"812\" src=\"https:\/\/www.johansouply.com\/wp-content\/uploads\/2020\/04\/Composition-4_00006.jpg\" class=\"attachment-full size-full wp-image-133\" alt=\"\" srcset=\"https:\/\/www.johansouply.com\/wp-content\/uploads\/2020\/04\/Composition-4_00006.jpg 1920w, https:\/\/www.johansouply.com\/wp-content\/uploads\/2020\/04\/Composition-4_00006-300x127.jpg 300w, https:\/\/www.johansouply.com\/wp-content\/uploads\/2020\/04\/Composition-4_00006-1024x433.jpg 1024w, https:\/\/www.johansouply.com\/wp-content\/uploads\/2020\/04\/Composition-4_00006-768x325.jpg 768w, https:\/\/www.johansouply.com\/wp-content\/uploads\/2020\/04\/Composition-4_00006-1536x650.jpg 1536w\" sizes=\"(max-width: 1920px) 100vw, 1920px\" \/>\t\t\t\t<div class=\"eihe-caption\">\n\t\t\t\t\t<div class=\"eihe-title-cover\">\n\t\t\t\t\t\t\t\t\t\t\t\t<h1 class=\"eihe-title\">Film publicitaire<\/h1>\n\t\t\t\t\t\t\t\t\t\t\t<\/div>\n\t\t\t\t\t<p>\"Spaceventure\"<\/p>\n\t\t\t\t<\/div>\n\t\t\t<\/div>\n\t\t\t\t\t<\/a>\n\t\t\t\t\t\t<\/div>\n\t\t\t\t<\/div>\n\t\t\t\t\t<\/div>\n\t\t<\/div>\n\t\t\t\t<div class=\"elementor-column elementor-col-50 elementor-inner-column elementor-element elementor-element-3544260\" data-id=\"3544260\" data-element_type=\"column\" data-e-type=\"column\">\n\t\t\t<div class=\"elementor-widget-wrap elementor-element-populated\">\n\t\t\t\t\t\t<div class=\"elementor-element elementor-element-e7d23d6 elementor-widget elementor-widget-e_image_hover_effects\" data-id=\"e7d23d6\" data-element_type=\"widget\" data-e-type=\"widget\" data-widget_type=\"e_image_hover_effects.default\">\n\t\t\t\t<div class=\"elementor-widget-container\">\n\t\t\t\t\t\t\t\t<a href=\"https:\/\/www.johansouply.com\/?page_id=139\">\n\t\t\t\t\t<div class=\"eihe-box eihe-fade-in-up eihe_flex-start\">\n\t\t\t\t<img loading=\"lazy\" decoding=\"async\" width=\"1920\" height=\"812\" src=\"https:\/\/www.johansouply.com\/wp-content\/uploads\/2020\/04\/Composition-4_00007.jpg\" class=\"attachment-full size-full wp-image-134\" alt=\"\" srcset=\"https:\/\/www.johansouply.com\/wp-content\/uploads\/2020\/04\/Composition-4_00007.jpg 1920w, https:\/\/www.johansouply.com\/wp-content\/uploads\/2020\/04\/Composition-4_00007-300x127.jpg 300w, https:\/\/www.johansouply.com\/wp-content\/uploads\/2020\/04\/Composition-4_00007-1024x433.jpg 1024w, https:\/\/www.johansouply.com\/wp-content\/uploads\/2020\/04\/Composition-4_00007-768x325.jpg 768w, https:\/\/www.johansouply.com\/wp-content\/uploads\/2020\/04\/Composition-4_00007-1536x650.jpg 1536w\" sizes=\"(max-width: 1920px) 100vw, 1920px\" \/>\t\t\t\t<div class=\"eihe-caption\">\n\t\t\t\t\t<div class=\"eihe-title-cover\">\n\t\t\t\t\t\t\t\t\t\t\t\t<h1 class=\"eihe-title\">Communication digitale<\/h1>\n\t\t\t\t\t\t\t\t\t\t\t<\/div>\n\t\t\t\t\t<p>\"Le Parc au Bois Dormant\"<\/p>\n\t\t\t\t<\/div>\n\t\t\t<\/div>\n\t\t\t\t\t<\/a>\n\t\t\t\t\t\t<\/div>\n\t\t\t\t<\/div>\n\t\t\t\t\t<\/div>\n\t\t<\/div>\n\t\t\t\t\t<\/div>\n\t\t<\/section>\n\t\t\t\t\t<\/div>\n\t\t<\/div>\n\t\t\t\t\t<\/div>\n\t\t<\/section>\n\t\t\t\t<\/div>\n\t\t","protected":false},"excerpt":{"rendered":"<p>r\u00e9alisations pr\u00e9sentation contact films produits et r\u00e9alis\u00e9s par johan souply Communication digitale \u00ab\u00a0Gamotel\u00a0\u00bb Vid\u00e9o Mapping \u00ab\u00a0Le Ch\u00e2teau de Belloy\u00a0\u00bb film publicitaire \u00ab\u00a0gold is back &#8211; big thunder mountain\u00a0\u00bb film publicitaire \u00ab\u00a0Jules Verne &#8211; Space Mountain\u00a0\u00bb cr\u00e9ation originale \u00ab\u00a0HOLLYWOOD EXPERIENCE\u00a0\u00bb film publicitaire \u00ab\u00a0Ratatouille la nouvelle attraction\u00a0\u00bb cr\u00e9ation originale \u00ab\u00a0le vrai disneyland\u00a0\u00bb film publicitaire \u00ab\u00a0retro spaceship\u00a0\u00bb Film [&hellip;]<\/p>\n","protected":false},"author":2,"featured_media":0,"parent":0,"menu_order":0,"comment_status":"closed","ping_status":"closed","template":"","meta":{"footnotes":""},"class_list":["post-37","page","type-page","status-publish","hentry","wpbf-post"],"aioseo_notices":[],"_links":{"self":[{"href":"https:\/\/www.johansouply.com\/index.php?rest_route=\/wp\/v2\/pages\/37","targetHints":{"allow":["GET"]}}],"collection":[{"href":"https:\/\/www.johansouply.com\/index.php?rest_route=\/wp\/v2\/pages"}],"about":[{"href":"https:\/\/www.johansouply.com\/index.php?rest_route=\/wp\/v2\/types\/page"}],"author":[{"embeddable":true,"href":"https:\/\/www.johansouply.com\/index.php?rest_route=\/wp\/v2\/users\/2"}],"replies":[{"embeddable":true,"href":"https:\/\/www.johansouply.com\/index.php?rest_route=%2Fwp%2Fv2%2Fcomments&post=37"}],"version-history":[{"count":0,"href":"https:\/\/www.johansouply.com\/index.php?rest_route=\/wp\/v2\/pages\/37\/revisions"}],"wp:attachment":[{"href":"https:\/\/www.johansouply.com\/index.php?rest_route=%2Fwp%2Fv2%2Fmedia&parent=37"}],"curies":[{"name":"wp","href":"https:\/\/api.w.org\/{rel}","templated":true}]}}