{"id":52,"date":"2020-03-16T16:02:39","date_gmt":"2020-03-16T15:02:39","guid":{"rendered":"http:\/\/www.johansouply.com\/?page_id=52"},"modified":"2021-01-30T16:13:03","modified_gmt":"2021-01-30T15:13:03","slug":"presentation","status":"publish","type":"page","link":"https:\/\/www.johansouply.com\/?page_id=52","title":{"rendered":"Pr\u00e9sentation"},"content":{"rendered":"\t\t<div data-elementor-type=\"wp-page\" data-elementor-id=\"52\" class=\"elementor elementor-52\">\n\t\t\t\t\t\t<section class=\"elementor-section elementor-top-section elementor-element elementor-element-f20d085 elementor-section-full_width elementor-section-content-middle elementor-section-height-default elementor-section-height-default\" data-id=\"f20d085\" data-element_type=\"section\" data-e-type=\"section\">\n\t\t\t\t\t\t<div class=\"elementor-container elementor-column-gap-default\">\n\t\t\t\t\t<div class=\"elementor-column elementor-col-33 elementor-top-column elementor-element elementor-element-9e52bed\" data-id=\"9e52bed\" data-element_type=\"column\" data-e-type=\"column\">\n\t\t\t<div class=\"elementor-widget-wrap elementor-element-populated\">\n\t\t\t\t\t\t<div class=\"elementor-element elementor-element-6bb46e0 elementor-align-center elementor-widget elementor-widget-button\" data-id=\"6bb46e0\" data-element_type=\"widget\" data-e-type=\"widget\" data-widget_type=\"button.default\">\n\t\t\t\t<div class=\"elementor-widget-container\">\n\t\t\t\t\t\t\t\t\t<div class=\"elementor-button-wrapper\">\n\t\t\t\t\t<a class=\"elementor-button elementor-button-link elementor-size-md\" href=\"https:\/\/www.johansouply.com\/?page_id=37\">\n\t\t\t\t\t\t<span class=\"elementor-button-content-wrapper\">\n\t\t\t\t\t\t\t\t\t<span class=\"elementor-button-text\">r\u00e9alisations<\/span>\n\t\t\t\t\t<\/span>\n\t\t\t\t\t<\/a>\n\t\t\t\t<\/div>\n\t\t\t\t\t\t\t\t<\/div>\n\t\t\t\t<\/div>\n\t\t\t\t\t<\/div>\n\t\t<\/div>\n\t\t\t\t<div class=\"elementor-column elementor-col-33 elementor-top-column elementor-element elementor-element-7b1b291\" data-id=\"7b1b291\" data-element_type=\"column\" data-e-type=\"column\">\n\t\t\t<div class=\"elementor-widget-wrap elementor-element-populated\">\n\t\t\t\t\t\t<div class=\"elementor-element elementor-element-95d0110 elementor-align-center elementor-widget elementor-widget-button\" data-id=\"95d0110\" data-element_type=\"widget\" data-e-type=\"widget\" data-widget_type=\"button.default\">\n\t\t\t\t<div class=\"elementor-widget-container\">\n\t\t\t\t\t\t\t\t\t<div class=\"elementor-button-wrapper\">\n\t\t\t\t\t<a class=\"elementor-button elementor-size-md\" role=\"button\">\n\t\t\t\t\t\t<span class=\"elementor-button-content-wrapper\">\n\t\t\t\t\t\t\t\t\t<span class=\"elementor-button-text\">pr\u00e9sentation<\/span>\n\t\t\t\t\t<\/span>\n\t\t\t\t\t<\/a>\n\t\t\t\t<\/div>\n\t\t\t\t\t\t\t\t<\/div>\n\t\t\t\t<\/div>\n\t\t\t\t\t<\/div>\n\t\t<\/div>\n\t\t\t\t<div class=\"elementor-column elementor-col-33 elementor-top-column elementor-element elementor-element-17dc05f\" data-id=\"17dc05f\" data-element_type=\"column\" data-e-type=\"column\">\n\t\t\t<div class=\"elementor-widget-wrap elementor-element-populated\">\n\t\t\t\t\t\t<div class=\"elementor-element elementor-element-3b373f7 elementor-align-center elementor-widget elementor-widget-button\" data-id=\"3b373f7\" data-element_type=\"widget\" data-e-type=\"widget\" data-widget_type=\"button.default\">\n\t\t\t\t<div class=\"elementor-widget-container\">\n\t\t\t\t\t\t\t\t\t<div class=\"elementor-button-wrapper\">\n\t\t\t\t\t<a class=\"elementor-button elementor-button-link elementor-size-md\" href=\"https:\/\/www.johansouply.com\/?page_id=25\">\n\t\t\t\t\t\t<span class=\"elementor-button-content-wrapper\">\n\t\t\t\t\t\t\t\t\t<span class=\"elementor-button-text\">contact<\/span>\n\t\t\t\t\t<\/span>\n\t\t\t\t\t<\/a>\n\t\t\t\t<\/div>\n\t\t\t\t\t\t\t\t<\/div>\n\t\t\t\t<\/div>\n\t\t\t\t\t<\/div>\n\t\t<\/div>\n\t\t\t\t\t<\/div>\n\t\t<\/section>\n\t\t\t\t<section class=\"elementor-section elementor-top-section elementor-element elementor-element-8f4fced elementor-section-boxed elementor-section-height-default elementor-section-height-default\" data-id=\"8f4fced\" data-element_type=\"section\" data-e-type=\"section\" data-settings=\"{&quot;background_background&quot;:&quot;gradient&quot;}\">\n\t\t\t\t\t\t<div class=\"elementor-container elementor-column-gap-default\">\n\t\t\t\t\t<div class=\"elementor-column elementor-col-33 elementor-top-column elementor-element elementor-element-99edee2\" data-id=\"99edee2\" data-element_type=\"column\" data-e-type=\"column\">\n\t\t\t<div class=\"elementor-widget-wrap elementor-element-populated\">\n\t\t\t\t\t\t<div class=\"elementor-element elementor-element-3812545 elementor-widget elementor-widget-image\" data-id=\"3812545\" data-element_type=\"widget\" data-e-type=\"widget\" data-widget_type=\"image.default\">\n\t\t\t\t<div class=\"elementor-widget-container\">\n\t\t\t\t\t\t\t\t\t\t\t\t\t\t\t<img fetchpriority=\"high\" decoding=\"async\" width=\"741\" height=\"1024\" src=\"https:\/\/www.johansouply.com\/wp-content\/uploads\/2020\/03\/Photo-du-patron-741x1024.jpg\" class=\"attachment-large size-large wp-image-27\" alt=\"\" srcset=\"https:\/\/www.johansouply.com\/wp-content\/uploads\/2020\/03\/Photo-du-patron-741x1024.jpg 741w, https:\/\/www.johansouply.com\/wp-content\/uploads\/2020\/03\/Photo-du-patron-217x300.jpg 217w, https:\/\/www.johansouply.com\/wp-content\/uploads\/2020\/03\/Photo-du-patron-768x1061.jpg 768w, https:\/\/www.johansouply.com\/wp-content\/uploads\/2020\/03\/Photo-du-patron-1112x1536.jpg 1112w, https:\/\/www.johansouply.com\/wp-content\/uploads\/2020\/03\/Photo-du-patron-1483x2048.jpg 1483w, https:\/\/www.johansouply.com\/wp-content\/uploads\/2020\/03\/Photo-du-patron-scaled.jpg 1853w\" sizes=\"(max-width: 741px) 100vw, 741px\" \/>\t\t\t\t\t\t\t\t\t\t\t\t\t\t\t<\/div>\n\t\t\t\t<\/div>\n\t\t\t\t\t<\/div>\n\t\t<\/div>\n\t\t\t\t<div class=\"elementor-column elementor-col-66 elementor-top-column elementor-element elementor-element-b7eea32\" data-id=\"b7eea32\" data-element_type=\"column\" data-e-type=\"column\">\n\t\t\t<div class=\"elementor-widget-wrap elementor-element-populated\">\n\t\t\t\t\t\t<div class=\"elementor-element elementor-element-c06398b elementor-widget elementor-widget-heading\" data-id=\"c06398b\" data-element_type=\"widget\" data-e-type=\"widget\" data-widget_type=\"heading.default\">\n\t\t\t\t<div class=\"elementor-widget-container\">\n\t\t\t\t\t<h2 class=\"elementor-heading-title elementor-size-default\">Johan Souply<\/h2>\t\t\t\t<\/div>\n\t\t\t\t<\/div>\n\t\t\t\t<div class=\"elementor-element elementor-element-8d36d6e elementor-widget elementor-widget-text-editor\" data-id=\"8d36d6e\" data-element_type=\"widget\" data-e-type=\"widget\" data-widget_type=\"text-editor.default\">\n\t\t\t\t<div class=\"elementor-widget-container\">\n\t\t\t\t\t\t\t\t\t<p>producteur \/ r\u00e9alisateur<\/p>\t\t\t\t\t\t\t\t<\/div>\n\t\t\t\t<\/div>\n\t\t\t\t<div class=\"elementor-element elementor-element-2d83588 elementor-widget elementor-widget-text-editor\" data-id=\"2d83588\" data-element_type=\"widget\" data-e-type=\"widget\" data-widget_type=\"text-editor.default\">\n\t\t\t\t<div class=\"elementor-widget-container\">\n\t\t\t\t\t\t\t\t\t<p>Apr\u00e8s son \u00e9cole d&rsquo;audiovisuel, Johan monte sa propre \u00e9quipe et se fait rapidement remarquer sur internet avec des projets s\u00e9rieux qu&rsquo;il produit, r\u00e9alise et qui cumulent aujourd\u2019hui plusieurs millions de vues.<\/p><p>Il commence par travailler avec le Parc Ast\u00e9rix et Disneyland Paris qui font appel \u00e0 sa cr\u00e9ativit\u00e9 et sa connaissance des r\u00e9seaux sociaux pour cr\u00e9er des publicit\u00e9s cr\u00e9atives et surprenantes, avec une touche d&rsquo;humour et de po\u00e9sie.<\/p><p>Il est \u00e9galement sollicit\u00e9 en tant que metteur en sc\u00e8ne et sc\u00e9nariste depuis qu&rsquo;il a fait produire par une agence \u00e9v\u00e9nementielle son propre spectacle nomm\u00e9 \u00ab Hollywood Experience \u00bb qui plonge les spectateurs dans le tournage d&rsquo;un film de cin\u00e9ma.<\/p>\t\t\t\t\t\t\t\t<\/div>\n\t\t\t\t<\/div>\n\t\t\t\t\t<\/div>\n\t\t<\/div>\n\t\t\t\t\t<\/div>\n\t\t<\/section>\n\t\t\t\t<section class=\"elementor-section elementor-top-section elementor-element elementor-element-25f5022 elementor-section-stretched elementor-section-full_width elementor-section-height-default elementor-section-height-default\" data-id=\"25f5022\" data-element_type=\"section\" data-e-type=\"section\" data-settings=\"{&quot;stretch_section&quot;:&quot;section-stretched&quot;}\">\n\t\t\t\t\t\t<div class=\"elementor-container elementor-column-gap-default\">\n\t\t\t\t\t<div class=\"elementor-column elementor-col-100 elementor-top-column elementor-element elementor-element-e53181b\" data-id=\"e53181b\" data-element_type=\"column\" data-e-type=\"column\">\n\t\t\t<div class=\"elementor-widget-wrap elementor-element-populated\">\n\t\t\t\t\t\t<div class=\"elementor-element elementor-element-271ba93 elementor-widget elementor-widget-heading\" data-id=\"271ba93\" data-element_type=\"widget\" data-e-type=\"widget\" data-widget_type=\"heading.default\">\n\t\t\t\t<div class=\"elementor-widget-container\">\n\t\t\t\t\t<h2 class=\"elementor-heading-title elementor-size-default\">Production<\/h2>\t\t\t\t<\/div>\n\t\t\t\t<\/div>\n\t\t\t\t<div class=\"elementor-element elementor-element-aedcd5a elementor-widget elementor-widget-text-editor\" data-id=\"aedcd5a\" data-element_type=\"widget\" data-e-type=\"widget\" data-widget_type=\"text-editor.default\">\n\t\t\t\t<div class=\"elementor-widget-container\">\n\t\t\t\t\t\t\t\t\t<p>Johan souply c&rsquo;est aussi une entreprise de production vid\u00e9o qui vous apporte de la valeur \u00e0 travers une id\u00e9e, un film, un projet.<\/p>\t\t\t\t\t\t\t\t<\/div>\n\t\t\t\t<\/div>\n\t\t\t\t<section class=\"elementor-section elementor-inner-section elementor-element elementor-element-8bc5800 elementor-section-boxed elementor-section-height-default elementor-section-height-default\" data-id=\"8bc5800\" data-element_type=\"section\" data-e-type=\"section\">\n\t\t\t\t\t\t<div class=\"elementor-container elementor-column-gap-default\">\n\t\t\t\t\t<div class=\"elementor-column elementor-col-33 elementor-inner-column elementor-element elementor-element-a6426d0\" data-id=\"a6426d0\" data-element_type=\"column\" data-e-type=\"column\">\n\t\t\t<div class=\"elementor-widget-wrap elementor-element-populated\">\n\t\t\t\t\t\t<div class=\"elementor-element elementor-element-d767544 elementor-position-top elementor-widget elementor-widget-image-box\" data-id=\"d767544\" data-element_type=\"widget\" data-e-type=\"widget\" data-widget_type=\"image-box.default\">\n\t\t\t\t<div class=\"elementor-widget-container\">\n\t\t\t\t\t<div class=\"elementor-image-box-wrapper\"><figure class=\"elementor-image-box-img\"><img decoding=\"async\" width=\"1000\" height=\"1000\" src=\"https:\/\/www.johansouply.com\/wp-content\/uploads\/2020\/03\/Logos-prod_00000.png\" class=\"attachment-full size-full wp-image-86\" alt=\"\" srcset=\"https:\/\/www.johansouply.com\/wp-content\/uploads\/2020\/03\/Logos-prod_00000.png 1000w, https:\/\/www.johansouply.com\/wp-content\/uploads\/2020\/03\/Logos-prod_00000-300x300.png 300w, https:\/\/www.johansouply.com\/wp-content\/uploads\/2020\/03\/Logos-prod_00000-150x150.png 150w, https:\/\/www.johansouply.com\/wp-content\/uploads\/2020\/03\/Logos-prod_00000-768x768.png 768w\" sizes=\"(max-width: 1000px) 100vw, 1000px\" \/><\/figure><div class=\"elementor-image-box-content\"><h3 class=\"elementor-image-box-title\">production<\/h3><p class=\"elementor-image-box-description\">Nous discutons ensemble de votre projet, votre identit\u00e9 ainsi que la valeur que nous allons vous apporter.<\/p><\/div><\/div>\t\t\t\t<\/div>\n\t\t\t\t<\/div>\n\t\t\t\t\t<\/div>\n\t\t<\/div>\n\t\t\t\t<div class=\"elementor-column elementor-col-33 elementor-inner-column elementor-element elementor-element-cf3600a\" data-id=\"cf3600a\" data-element_type=\"column\" data-e-type=\"column\">\n\t\t\t<div class=\"elementor-widget-wrap elementor-element-populated\">\n\t\t\t\t\t\t<div class=\"elementor-element elementor-element-ee69c52 elementor-position-top elementor-widget elementor-widget-image-box\" data-id=\"ee69c52\" data-element_type=\"widget\" data-e-type=\"widget\" data-widget_type=\"image-box.default\">\n\t\t\t\t<div class=\"elementor-widget-container\">\n\t\t\t\t\t<div class=\"elementor-image-box-wrapper\"><figure class=\"elementor-image-box-img\"><img decoding=\"async\" width=\"1000\" height=\"1000\" src=\"https:\/\/www.johansouply.com\/wp-content\/uploads\/2020\/03\/Logos-prod_00001.png\" class=\"attachment-full size-full wp-image-87\" alt=\"\" srcset=\"https:\/\/www.johansouply.com\/wp-content\/uploads\/2020\/03\/Logos-prod_00001.png 1000w, https:\/\/www.johansouply.com\/wp-content\/uploads\/2020\/03\/Logos-prod_00001-300x300.png 300w, https:\/\/www.johansouply.com\/wp-content\/uploads\/2020\/03\/Logos-prod_00001-150x150.png 150w, https:\/\/www.johansouply.com\/wp-content\/uploads\/2020\/03\/Logos-prod_00001-768x768.png 768w\" sizes=\"(max-width: 1000px) 100vw, 1000px\" \/><\/figure><div class=\"elementor-image-box-content\"><h3 class=\"elementor-image-box-title\">tournage<\/h3><p class=\"elementor-image-box-description\">Notre \u00e9quipe met en \u0153uvre l'int\u00e9gralit\u00e9 du tournage avec les meilleures \u00e9quipes techniques et artistiques.<\/p><\/div><\/div>\t\t\t\t<\/div>\n\t\t\t\t<\/div>\n\t\t\t\t\t<\/div>\n\t\t<\/div>\n\t\t\t\t<div class=\"elementor-column elementor-col-33 elementor-inner-column elementor-element elementor-element-3d029e2\" data-id=\"3d029e2\" data-element_type=\"column\" data-e-type=\"column\">\n\t\t\t<div class=\"elementor-widget-wrap elementor-element-populated\">\n\t\t\t\t\t\t<div class=\"elementor-element elementor-element-d915557 elementor-position-top elementor-widget elementor-widget-image-box\" data-id=\"d915557\" data-element_type=\"widget\" data-e-type=\"widget\" data-widget_type=\"image-box.default\">\n\t\t\t\t<div class=\"elementor-widget-container\">\n\t\t\t\t\t<div class=\"elementor-image-box-wrapper\"><figure class=\"elementor-image-box-img\"><img loading=\"lazy\" decoding=\"async\" width=\"1000\" height=\"1000\" src=\"https:\/\/www.johansouply.com\/wp-content\/uploads\/2020\/03\/Logos-prod_00002.png\" class=\"attachment-full size-full wp-image-88\" alt=\"\" srcset=\"https:\/\/www.johansouply.com\/wp-content\/uploads\/2020\/03\/Logos-prod_00002.png 1000w, https:\/\/www.johansouply.com\/wp-content\/uploads\/2020\/03\/Logos-prod_00002-300x300.png 300w, https:\/\/www.johansouply.com\/wp-content\/uploads\/2020\/03\/Logos-prod_00002-150x150.png 150w, https:\/\/www.johansouply.com\/wp-content\/uploads\/2020\/03\/Logos-prod_00002-768x768.png 768w\" sizes=\"(max-width: 1000px) 100vw, 1000px\" \/><\/figure><div class=\"elementor-image-box-content\"><h3 class=\"elementor-image-box-title\">montage<\/h3><p class=\"elementor-image-box-description\">Nous g\u00e9rons l'int\u00e9gralit\u00e9 du montage, des animations et des effets sp\u00e9ciaux tout en vous tenant inform\u00e9 de l'avanc\u00e9e du travail.<\/p><\/div><\/div>\t\t\t\t<\/div>\n\t\t\t\t<\/div>\n\t\t\t\t\t<\/div>\n\t\t<\/div>\n\t\t\t\t\t<\/div>\n\t\t<\/section>\n\t\t\t\t\t<\/div>\n\t\t<\/div>\n\t\t\t\t\t<\/div>\n\t\t<\/section>\n\t\t\t\t<section class=\"elementor-section elementor-top-section elementor-element elementor-element-74e885b elementor-section-full_width elementor-section-height-default elementor-section-height-default\" data-id=\"74e885b\" data-element_type=\"section\" data-e-type=\"section\" data-settings=\"{&quot;background_background&quot;:&quot;gradient&quot;}\">\n\t\t\t\t\t\t<div class=\"elementor-container elementor-column-gap-default\">\n\t\t\t\t\t<div class=\"elementor-column elementor-col-14 elementor-top-column elementor-element elementor-element-eec0be5\" data-id=\"eec0be5\" data-element_type=\"column\" data-e-type=\"column\">\n\t\t\t<div class=\"elementor-widget-wrap elementor-element-populated\">\n\t\t\t\t\t\t<div class=\"elementor-element elementor-element-2699ff6 elementor-widget elementor-widget-image\" data-id=\"2699ff6\" data-element_type=\"widget\" data-e-type=\"widget\" data-widget_type=\"image.default\">\n\t\t\t\t<div class=\"elementor-widget-container\">\n\t\t\t\t\t\t\t\t\t\t\t\t\t\t\t<img decoding=\"async\" src=\"https:\/\/www.johansouply.com\/wp-content\/uploads\/elementor\/thumbs\/valeo-omnqzvgq9lvcrinern4jq762ou9mh0anukofgk2wcm.png\" title=\"valeo\" alt=\"valeo\" loading=\"lazy\" \/>\t\t\t\t\t\t\t\t\t\t\t\t\t\t\t<\/div>\n\t\t\t\t<\/div>\n\t\t\t\t\t<\/div>\n\t\t<\/div>\n\t\t\t\t<div class=\"elementor-column elementor-col-14 elementor-top-column elementor-element elementor-element-f1599e3\" data-id=\"f1599e3\" data-element_type=\"column\" data-e-type=\"column\">\n\t\t\t<div class=\"elementor-widget-wrap elementor-element-populated\">\n\t\t\t\t\t\t<div class=\"elementor-element elementor-element-3a2cf90 elementor-widget elementor-widget-image\" data-id=\"3a2cf90\" data-element_type=\"widget\" data-e-type=\"widget\" data-widget_type=\"image.default\">\n\t\t\t\t<div class=\"elementor-widget-container\">\n\t\t\t\t\t\t\t\t\t\t\t\t\t\t\t<img decoding=\"async\" src=\"https:\/\/www.johansouply.com\/wp-content\/uploads\/elementor\/thumbs\/tadico-omnqztl1is60rvhb1rnoiiqnb0sntupu6tn99gz0eo.png\" title=\"tadico\" alt=\"tadico\" loading=\"lazy\" \/>\t\t\t\t\t\t\t\t\t\t\t\t\t\t\t<\/div>\n\t\t\t\t<\/div>\n\t\t\t\t\t<\/div>\n\t\t<\/div>\n\t\t\t\t<div class=\"elementor-column elementor-col-14 elementor-top-column elementor-element elementor-element-66f8d2a\" data-id=\"66f8d2a\" data-element_type=\"column\" data-e-type=\"column\">\n\t\t\t<div class=\"elementor-widget-wrap elementor-element-populated\">\n\t\t\t\t\t\t<div class=\"elementor-element elementor-element-85bf14b elementor-widget elementor-widget-image\" data-id=\"85bf14b\" data-element_type=\"widget\" data-e-type=\"widget\" data-widget_type=\"image.default\">\n\t\t\t\t<div class=\"elementor-widget-container\">\n\t\t\t\t\t\t\t\t\t\t\t\t\t\t\t<img decoding=\"async\" src=\"https:\/\/www.johansouply.com\/wp-content\/uploads\/elementor\/thumbs\/asterix-omnqzm2cm19nrp6yb3i0r254vopft7i94xz1hh9ae4.png\" title=\"asterix\" alt=\"asterix\" loading=\"lazy\" \/>\t\t\t\t\t\t\t\t\t\t\t\t\t\t\t<\/div>\n\t\t\t\t<\/div>\n\t\t\t\t\t<\/div>\n\t\t<\/div>\n\t\t\t\t<div class=\"elementor-column elementor-col-14 elementor-top-column elementor-element elementor-element-d418cc9\" data-id=\"d418cc9\" data-element_type=\"column\" data-e-type=\"column\">\n\t\t\t<div class=\"elementor-widget-wrap elementor-element-populated\">\n\t\t\t\t\t\t<div class=\"elementor-element elementor-element-1499903 elementor-widget elementor-widget-image\" data-id=\"1499903\" data-element_type=\"widget\" data-e-type=\"widget\" data-widget_type=\"image.default\">\n\t\t\t\t<div class=\"elementor-widget-container\">\n\t\t\t\t\t\t\t\t\t\t\t\t\t\t\t<img decoding=\"async\" src=\"https:\/\/www.johansouply.com\/wp-content\/uploads\/elementor\/thumbs\/makinov-omnqzsn736dk7zcs6otb88dikxrt4zd7716ayi7yho.png\" title=\"makinov\" alt=\"makinov\" loading=\"lazy\" \/>\t\t\t\t\t\t\t\t\t\t\t\t\t\t\t<\/div>\n\t\t\t\t<\/div>\n\t\t\t\t\t<\/div>\n\t\t<\/div>\n\t\t\t\t<div class=\"elementor-column elementor-col-14 elementor-top-column elementor-element elementor-element-55bf8ed\" data-id=\"55bf8ed\" data-element_type=\"column\" data-e-type=\"column\">\n\t\t\t<div class=\"elementor-widget-wrap elementor-element-populated\">\n\t\t\t\t\t\t<div class=\"elementor-element elementor-element-e2de621 elementor-widget elementor-widget-image\" data-id=\"e2de621\" data-element_type=\"widget\" data-e-type=\"widget\" data-widget_type=\"image.default\">\n\t\t\t\t<div class=\"elementor-widget-container\">\n\t\t\t\t\t\t\t\t\t\t\t\t\t\t\t<img loading=\"lazy\" decoding=\"async\" width=\"1024\" height=\"341\" src=\"https:\/\/www.johansouply.com\/wp-content\/uploads\/2020\/03\/fraispertuis-1024x341.png\" class=\"attachment-large size-large wp-image-57\" alt=\"\" srcset=\"https:\/\/www.johansouply.com\/wp-content\/uploads\/2020\/03\/fraispertuis-1024x341.png 1024w, https:\/\/www.johansouply.com\/wp-content\/uploads\/2020\/03\/fraispertuis-300x100.png 300w, https:\/\/www.johansouply.com\/wp-content\/uploads\/2020\/03\/fraispertuis-768x256.png 768w, https:\/\/www.johansouply.com\/wp-content\/uploads\/2020\/03\/fraispertuis.png 1200w\" sizes=\"(max-width: 1024px) 100vw, 1024px\" \/>\t\t\t\t\t\t\t\t\t\t\t\t\t\t\t<\/div>\n\t\t\t\t<\/div>\n\t\t\t\t\t<\/div>\n\t\t<\/div>\n\t\t\t\t<div class=\"elementor-column elementor-col-14 elementor-top-column elementor-element elementor-element-2b9d895\" data-id=\"2b9d895\" data-element_type=\"column\" data-e-type=\"column\">\n\t\t\t<div class=\"elementor-widget-wrap elementor-element-populated\">\n\t\t\t\t\t\t<div class=\"elementor-element elementor-element-ce98978 elementor-widget elementor-widget-image\" data-id=\"ce98978\" data-element_type=\"widget\" data-e-type=\"widget\" data-widget_type=\"image.default\">\n\t\t\t\t<div class=\"elementor-widget-container\">\n\t\t\t\t\t\t\t\t\t\t\t\t\t\t\t<img decoding=\"async\" src=\"https:\/\/www.johansouply.com\/wp-content\/uploads\/elementor\/thumbs\/tf1-omnqzuivpm7b3hfxwa2b30i3weo11jtkiyaqqqxm0e.png\" title=\"tf1\" alt=\"tf1\" loading=\"lazy\" \/>\t\t\t\t\t\t\t\t\t\t\t\t\t\t\t<\/div>\n\t\t\t\t<\/div>\n\t\t\t\t\t<\/div>\n\t\t<\/div>\n\t\t\t\t<div class=\"elementor-column elementor-col-14 elementor-top-column elementor-element elementor-element-c667477\" data-id=\"c667477\" data-element_type=\"column\" data-e-type=\"column\">\n\t\t\t<div class=\"elementor-widget-wrap elementor-element-populated\">\n\t\t\t\t\t\t<div class=\"elementor-element elementor-element-4e086a0 elementor-widget elementor-widget-image\" data-id=\"4e086a0\" data-element_type=\"widget\" data-e-type=\"widget\" data-widget_type=\"image.default\">\n\t\t\t\t<div class=\"elementor-widget-container\">\n\t\t\t\t\t\t\t\t\t\t\t\t\t\t\t<img decoding=\"async\" src=\"https:\/\/www.johansouply.com\/wp-content\/uploads\/elementor\/thumbs\/axa-omnqzn05peeo21f331xt3h72vxe4dmhwilfx95nva8.png\" title=\"axa\" alt=\"axa\" loading=\"lazy\" \/>\t\t\t\t\t\t\t\t\t\t\t\t\t\t\t<\/div>\n\t\t\t\t<\/div>\n\t\t\t\t\t<\/div>\n\t\t<\/div>\n\t\t\t\t\t<\/div>\n\t\t<\/section>\n\t\t\t\t<\/div>\n\t\t","protected":false},"excerpt":{"rendered":"<p>r\u00e9alisations pr\u00e9sentation contact Johan Souply producteur \/ r\u00e9alisateur Apr\u00e8s son \u00e9cole d&rsquo;audiovisuel, Johan monte sa propre \u00e9quipe et se fait rapidement remarquer sur internet avec des projets s\u00e9rieux qu&rsquo;il produit, r\u00e9alise et qui cumulent aujourd\u2019hui plusieurs millions de vues. Il commence par travailler avec le Parc Ast\u00e9rix et Disneyland Paris qui font appel \u00e0 sa [&hellip;]<\/p>\n","protected":false},"author":2,"featured_media":0,"parent":0,"menu_order":0,"comment_status":"closed","ping_status":"closed","template":"","meta":{"footnotes":""},"class_list":["post-52","page","type-page","status-publish","hentry","wpbf-post"],"aioseo_notices":[],"_links":{"self":[{"href":"https:\/\/www.johansouply.com\/index.php?rest_route=\/wp\/v2\/pages\/52","targetHints":{"allow":["GET"]}}],"collection":[{"href":"https:\/\/www.johansouply.com\/index.php?rest_route=\/wp\/v2\/pages"}],"about":[{"href":"https:\/\/www.johansouply.com\/index.php?rest_route=\/wp\/v2\/types\/page"}],"author":[{"embeddable":true,"href":"https:\/\/www.johansouply.com\/index.php?rest_route=\/wp\/v2\/users\/2"}],"replies":[{"embeddable":true,"href":"https:\/\/www.johansouply.com\/index.php?rest_route=%2Fwp%2Fv2%2Fcomments&post=52"}],"version-history":[{"count":0,"href":"https:\/\/www.johansouply.com\/index.php?rest_route=\/wp\/v2\/pages\/52\/revisions"}],"wp:attachment":[{"href":"https:\/\/www.johansouply.com\/index.php?rest_route=%2Fwp%2Fv2%2Fmedia&parent=52"}],"curies":[{"name":"wp","href":"https:\/\/api.w.org\/{rel}","templated":true}]}}